{"id":21641,"date":"2025-07-11T09:39:20","date_gmt":"2025-07-11T07:39:20","guid":{"rendered":"http:\/\/www.italpreziosisustainability.com\/declaracion-de-accesibilidad\/"},"modified":"2025-07-11T09:58:37","modified_gmt":"2025-07-11T07:58:37","slug":"declaracion-de-accesibilidad","status":"publish","type":"page","link":"https:\/\/www.italpreziosisustainability.com\/es\/declaracion-de-accesibilidad\/","title":{"rendered":"Declaraci\u00f3n de Accesibilidad"},"content":{"rendered":"\t\t<div data-elementor-type=\"wp-page\" data-elementor-id=\"21641\" class=\"elementor elementor-21641 elementor-21624\" data-elementor-post-type=\"page\">\n\t\t\t\t<div class=\"elementor-element elementor-element-fa15045 e-flex e-con-boxed e-con e-parent\" data-id=\"fa15045\" data-element_type=\"container\" data-e-type=\"container\" data-settings=\"{&quot;background_background&quot;:&quot;classic&quot;,&quot;shape_divider_bottom&quot;:&quot;curve&quot;,&quot;shape_divider_bottom_negative&quot;:&quot;yes&quot;}\">\n\t\t\t\t\t<div class=\"e-con-inner\">\n\t\t\t\t<div class=\"elementor-shape elementor-shape-bottom\" aria-hidden=\"true\" data-negative=\"true\">\n\t\t\t<svg xmlns=\"http:\/\/www.w3.org\/2000\/svg\" viewBox=\"0 0 1000 100\" preserveAspectRatio=\"none\">\n\t<path class=\"elementor-shape-fill\" d=\"M500,97C126.7,96.3,0.8,19.8,0,0v100l1000,0V1C1000,19.4,873.3,97.8,500,97z\"\/>\n<\/svg>\t\t<\/div>\n\t\t<div class=\"elementor-element elementor-element-bbc071d e-con-full e-flex e-con e-child\" data-id=\"bbc071d\" data-element_type=\"container\" data-e-type=\"container\">\n\t\t\t\t<div class=\"elementor-element elementor-element-37afbda elementor-widget elementor-widget-heading\" data-id=\"37afbda\" data-element_type=\"widget\" data-e-type=\"widget\" data-widget_type=\"heading.default\">\n\t\t\t\t<div class=\"elementor-widget-container\">\n\t\t\t\t\t<h1 class=\"elementor-heading-title elementor-size-default\">Declaraci\u00f3n de Accesibilidad del Sitio Web conforme al Decreto Legislativo 82\/2022 (Transposici\u00f3n de la Directiva UE 2019\/882)<\/h1>\t\t\t\t<\/div>\n\t\t\t\t<\/div>\n\t\t\t\t<div class=\"elementor-element elementor-element-395156b elementor-widget elementor-widget-text-editor\" data-id=\"395156b\" data-element_type=\"widget\" data-e-type=\"widget\" data-widget_type=\"text-editor.default\">\n\t\t\t\t<div class=\"elementor-widget-container\">\n\t\t\t\t\t\t\t\t\t<p>Italpreziosi Spa, con sede legal en Arezzo 52100 &#8211; Strada A, 32 &#8211; Loc. San Zeno, NIF 01111420517, se compromete a hacer accesible su sitio web, de conformidad con la Ley n.\u00ba 4 del 9 de enero de 2004 y en virtud del Decreto Legislativo 82\/2022 y de la Directiva (UE) 2019\/882 (European Accessibility Act). La presente declaraci\u00f3n tiene como objetivo aclarar el estado de conformidad del sitio web <a class=\"\" href=\"https:\/\/italpreziosisus-zxey.1wp.site\/es\/\" rel=\"noopener\" target=\"_blank\">https:\/\/italpreziosisus-zxey.1wp.site\/es\/<\/a><\/p><h2><strong>Estado de conformidad<\/strong><\/h2><p>El sitio web actualmente no es conforme con los requisitos de accesibilidad digital establecidos por la norma UNI CEI EN 301549.<br \/>No obstante, conforme a lo dispuesto en los art\u00edculos 1, 2 y 15 de la Directiva (UE) 2019\/882, en el art\u00edculo 3, apartado 2, del Decreto Legislativo 82\/2022, en la Circular AGID n.\u00ba 3\/2022 y en las directrices europeas, el sitio no est\u00e1 sujeto a la obligaci\u00f3n de adecuaci\u00f3n por las siguientes razones:<\/p><ul><li>Fue publicado en l\u00ednea antes del 28 de junio de 2025;<\/li><li>No ha sido objeto de modificaciones sustanciales (redise\u00f1o gr\u00e1fico, reestructuraci\u00f3n del c\u00f3digo, cambio de CMS o actualizaciones tecnol\u00f3gicas significativas) despu\u00e9s de dicha fecha;<\/li><li>Solo est\u00e1 sujeto a mantenimiento ordinario y actualizaciones de contenido, que no constituyen modificaciones sustanciales.<\/li><\/ul><p>Por lo tanto, en la actualidad, no est\u00e1 sujeto a la obligaci\u00f3n inmediata de adecuaci\u00f3n a los requisitos de accesibilidad previstos por la legislaci\u00f3n.<\/p><h2><strong>Compromisos futuros<\/strong><\/h2><p>En caso de futuras modificaciones estructurales, redise\u00f1os o actualizaciones tecnol\u00f3gicas relevantes, se evaluar\u00e1 y planificar\u00e1 la adecuaci\u00f3n del sitio a los requisitos de accesibilidad, conforme a las directrices y plazos previstos por la normativa vigente.<\/p><h2><strong>Informaci\u00f3n sobre el sitio web<\/strong><\/h2><ol><li>Fecha de publicaci\u00f3n: 26\/06\/2025<\/li><li>Se han realizado pruebas de usabilidad: no<\/li><li>CMS utilizado para el sitio web: WordPress<\/li><\/ol><h2><strong>Redacci\u00f3n de la declaraci\u00f3n de accesibilidad<\/strong><\/h2><p>La presente declaraci\u00f3n fue redactada el 10\/07\/<span id=\"dynamic-year\"><\/span>. La evaluaci\u00f3n fue realizada mediante autoevaluaci\u00f3n directamente por el sujeto proveedor del servicio (v\u00e9ase el art\u00edculo 3, apartado 1, de la Decisi\u00f3n de Ejecuci\u00f3n (UE) 2018\/1523 de la Comisi\u00f3n).<\/p><h2><strong>Comentarios e informaci\u00f3n de contacto<\/strong><\/h2><p>Para observaciones o solicitudes relativas a la accesibilidad del sitio web, se puede escribir a:<\/p><p>Correo electr\u00f3nico: accessodigitale@italpreziosi.it<\/p><p>Correo certificado (PEC): italpreziosi@pcert.postecert.it<\/p><p>Responsable de las comunicaciones: Valentina Franchi<\/p><p>Por favor, indique en el asunto de la comunicaci\u00f3n la referencia: Accesibilidad del sitio web<\/p><h2><strong>Modo de env\u00edo de comunicaciones a la AgID<\/strong><\/h2><p>En caso de respuesta insatisfactoria o falta de respuesta en el plazo de treinta d\u00edas desde la notificaci\u00f3n o solicitud, el interesado podr\u00e1 enviar una comunicaci\u00f3n a la AgID, mediante correo certificado (PEC), a la siguiente direcci\u00f3n: protocollo@pec.agid.gov.it<br \/>Para m\u00e1s informaci\u00f3n actualizada, consulte el siguiente enlace del sitio web de AgID:<br \/><a class=\"\" href=\"https:\/\/www.agid.gov.it\/it\/design-servizi\/accessibilita\/linee-guida-accessibilita\" target=\"_new\" rel=\"noopener\">https:\/\/www.agid.gov.it\/it\/design-servizi\/accessibilita\/linee-guida-accessibilita<\/a><\/p><h2><strong>Informaci\u00f3n sobre la entidad<\/strong><\/h2><ol><li>N\u00famero de empleados con discapacidad en la administraci\u00f3n: 6<\/li><li>N\u00famero de puestos de trabajo para empleados con discapacidad: 5<\/li><\/ol><h2><strong>Referencias normativas<\/strong><\/h2><p>Directiva (UE) 2019\/882 \u2013 European Accessibility Act<\/p><p>Decreto Legislativo 82\/2022 \u2013 Transposici\u00f3n de la Directiva en Italia<\/p><p>Circular AGID n.\u00ba 3\/2022<\/p><p>UNI CEI EN 301549 \u2013 Requisitos t\u00e9cnicos de accesibilidad<\/p><p>Preguntas frecuentes y documentos de apoyo de la Comisi\u00f3n Europea<\/p><p><script>\n  (function() {\n\tconst today = new Date();\n\tconst currentYear = today.getFullYear();\n\tconst cutoffDate = new Date(currentYear, 6, 10);\n\tconst displayYear = today >= cutoffDate ? currentYear : currentYear - 1;\n\tdocument.getElementById(\"dynamic-year\").textContent = displayYear;\n  })();\n<\/script><\/p>\t\t\t\t\t\t\t\t<\/div>\n\t\t\t\t<\/div>\n\t\t\t\t<\/div>\n\t\t\t\t\t<\/div>\n\t\t\t\t<\/div>\n\t\t\t\t<\/div>\n\t\t","protected":false},"excerpt":{"rendered":"<p>Declaraci\u00f3n de Accesibilidad del Sitio Web conforme al Decreto Legislativo 82\/2022 (Transposici\u00f3n de la Directiva UE 2019\/882) Italpreziosi Spa, con sede legal en Arezzo 52100 &#8211; Strada A, 32 &#8211; Loc. San Zeno, NIF 01111420517, se compromete a hacer accesible su sitio web, de conformidad con la Ley n.\u00ba 4 del 9 de enero de [&hellip;]<\/p>\n","protected":false},"author":1,"featured_media":0,"parent":0,"menu_order":0,"comment_status":"closed","ping_status":"closed","template":"elementor_header_footer","meta":{"footnotes":""},"class_list":["post-21641","page","type-page","status-publish","hentry"],"_links":{"self":[{"href":"https:\/\/www.italpreziosisustainability.com\/es\/wp-json\/wp\/v2\/pages\/21641","targetHints":{"allow":["GET"]}}],"collection":[{"href":"https:\/\/www.italpreziosisustainability.com\/es\/wp-json\/wp\/v2\/pages"}],"about":[{"href":"https:\/\/www.italpreziosisustainability.com\/es\/wp-json\/wp\/v2\/types\/page"}],"author":[{"embeddable":true,"href":"https:\/\/www.italpreziosisustainability.com\/es\/wp-json\/wp\/v2\/users\/1"}],"replies":[{"embeddable":true,"href":"https:\/\/www.italpreziosisustainability.com\/es\/wp-json\/wp\/v2\/comments?post=21641"}],"version-history":[{"count":13,"href":"https:\/\/www.italpreziosisustainability.com\/es\/wp-json\/wp\/v2\/pages\/21641\/revisions"}],"predecessor-version":[{"id":21681,"href":"https:\/\/www.italpreziosisustainability.com\/es\/wp-json\/wp\/v2\/pages\/21641\/revisions\/21681"}],"wp:attachment":[{"href":"https:\/\/www.italpreziosisustainability.com\/es\/wp-json\/wp\/v2\/media?parent=21641"}],"curies":[{"name":"wp","href":"https:\/\/api.w.org\/{rel}","templated":true}]}}